{"id":659,"date":"2012-09-29T09:02:31","date_gmt":"2012-09-29T07:02:31","guid":{"rendered":"http:\/\/www.peopleskills.se\/?page_id=659"},"modified":"2014-12-15T10:21:08","modified_gmt":"2014-12-15T09:21:08","slug":"executive-coaching","status":"publish","type":"page","link":"http:\/\/www.peopleskills.se\/en\/vara-tjanster\/executive-coaching\/","title":{"rendered":"Executive Coaching med fokus p\u00e5 effekt"},"content":{"rendered":"<h3><img decoding=\"async\" class=\"alignright size-full wp-image-697\" title=\"Executive Coaching\" src=\"http:\/\/www.peopleskills.se\/wp-content\/uploads\/2012\/09\/High-Performance-Coaching_asiseeit_226x150.jpg\" alt=\"Beteendefokuserad coachning\" width=\"226\" height=\"150\" \/>1) PeopleSkills Executive Coaching<\/h3>\n<p>PeopleSkills erbjuder executive coaching f\u00f6r enskilda chefer och andra ledare (projektledare och teamleader, tex) p\u00e5 alla niv\u00e5er. Chefsutvecklingen sker enligt ett grundprogram p\u00e5 6-8 m\u00e5nader som kan anpassas och byggas p\u00e5 efter dina behov. Handledning erbjuds \u00e4ven med enstaka tillf\u00e4llen i en friare form.<\/p>\n<p>Med hj\u00e4lp av Mebook\u2122 som \u00e4r en webbaserad plattform f\u00f6r ledarutveckling s\u00e5 tillhandah\u00e5lls 360-analyser,\u00a0tr\u00e4ningsmoduler och uppf\u00f6ljning av hur det g\u00e5r f\u00f6r den som blir coachad. Vill du veta mer om Mebook\u2122 s\u00e5 <a href=\"http:\/\/www.mebook.nu\">klicka h\u00e4r<\/a>.<\/p>\n<p><strong>Fokus ligger\u00a0p\u00e5 effekt.<\/strong> V\u00e5r plattform f\u00f6r att m\u00e4ta viktiga ledarskapsbeteenden och fokusera p\u00e5 de omr\u00e5den chefen vill och beh\u00f6ver utveckla, \u00e4r\u00a0ett kraftfullt verktyg f\u00f6r <strong>f\u00f6rb\u00e4ttra sitt ledarskap utan flum<\/strong>. Detta g\u00f6r PeopleSkills executive coaching program unikt. Vi jobbar konkret med f\u00f6r\u00e4ndrade beteenden snarare \u00e4n att\u00a0fastna i \u00e4ltande.<\/p>\n<h4>Process &#8211; Vad, Varf\u00f6r, Hur<\/h4>\n<ul>\n<li><strong>Inledande m\u00f6te<\/strong> f\u00f6r information om individuell handledning och f\u00f6r att l\u00e4ra k\u00e4nna varandra<\/li>\n<li><strong>M\u00e4tning 1<\/strong> av hur chefen i fr\u00e5ga upplever sitt eget beteende i ledarsammanhang och hur omgivningen ser p\u00e5 chefens beteende. Detta sker med PeopleSkills webbaserade m\u00e4tverktyg.<\/li>\n<li><strong>5-7 handledningstr\u00e4ffar<\/strong> p\u00e5 1,5-2 timmar med mellanligande perioder av hemarbete. Fokus \u00e4r p\u00e5 de beteendef\u00f6r\u00e4ndringar ledaren vill fokusera p\u00e5, utifr\u00e5n resultaten av m\u00e4tningen.<\/li>\n<li><strong>M\u00e4tning 2<\/strong> och uppf\u00f6ljning av de f\u00f6r\u00e4ndringar som skett<\/li>\n<li><strong>Avslutande handledningstillf\u00e4lle<\/strong> med handlingsplan f\u00f6r fortsatt utveckling<\/li>\n<\/ul>\n<p><a href=\"http:\/\/www.peopleskills.se\/en\/kontaktinformation\/\">Ta ett f\u00f6rsta steg redan idag f\u00f6r att komma ig\u00e5ng. Klicka h\u00e4r f\u00f6r kontakt.<\/a><\/p>\n<p>PeopleSkills erbjuder chefscoaching i Stockholm med omnejd i f\u00f6rsta hand. Vi arbetar dock \u00e4ven l\u00f6pande med chefer i andra delar Sverige genom en kombination av personliga m\u00f6ten och tr\u00e4ffar via Skype och det fungerar utm\u00e4rkt.<\/p>\n<p>PeopleSkills f\u00f6retr\u00e4dare \u00e4r ocks\u00e5 licensierade i Mikla Executive Coaching. Om ditt f\u00f6retag anv\u00e4nt Mikla Coaching tidigare och vill forts\u00e4tta med det, kan vi erbjuda det med. Skillnaden \u00e4r inte s\u00e5 stor eftersom Milkas coaching uppl\u00e4gg ocks\u00e5 har fokus p\u00e5 beteendef\u00f6r\u00e4ndring. Men de konkreta m\u00e4tningarna av ledarskapsbeteenden f\u00f6re och efter coachingperioden ing\u00e5r d\u00e5 inte.<\/p>\n<h3>2) Mikla Executive Coaching genom PeopleSkills<\/h3>\n<p>Mikla \u00e4r ett konsultn\u00e4tverk best\u00e5ende av c:a 30 erfarna konsulter med varierande bakgrund som psykologer, tidigare linjechefer och HR-experter. N\u00e4tverket arbetar med en gemensam beteendefokuserad metod n\u00e4r det g\u00e4ller Executive Coaching, det vill s\u00e4ga <strong>handledning av enskilda ledare eller ledningsgrupper<\/strong> p\u00e5 alla niv\u00e5er.<\/p>\n<p>Miklas grundl\u00e4ggande coachingprogram l\u00f6per under ungef\u00e4r sex m\u00e5nader och best\u00e5r av sex coachtr\u00e4ffar och d\u00e4remellan liggande hemuppgifter. Den som blir coachad resonerar med coachen innan programmet startar f\u00f6r att komma \u00f6verens om vad coachingen syftar till. Efter programmet har avslutats g\u00e5r man igenom att man gjort det man kommit \u00f6verens om. F\u00f6r s\u00e4rskilda behov av tr\u00e4ning finns en m\u00e4ngd tillvalstr\u00e4ffar f\u00f6r att tr\u00e4na extra p\u00e5 till exempel att delegera eller att leda p\u00e5 distans.<\/p>\n<p>Coachingn\u00e4tverkets medlemmar tr\u00e4ffas flera g\u00e5nger per \u00e5r f\u00f6r fortbildning och att fortl\u00f6pande tr\u00e4na sig i det coachande samtalet.<\/p>\n<p>Studier visar att enstaka tr\u00e4ningstillf\u00e4llen och kurser har en d\u00e5lig utv\u00e4xling n\u00e4r det g\u00e4ller deltagares f\u00f6rm\u00e5ga att ta till sig ett nytt beteende. Att kombinera tr\u00e4ningstillf\u00e4llen med d\u00e4remellan liggande coaching har d\u00e4remot visat sig ha en stor effekt. F\u00f6retag och organisationer som vill ha valuta av sin investering i ledarutbildning g\u00f6r klokt i att bygga upp sina ledarutbildningar i kortare block och att d\u00e4remellan erbjuda coaching f\u00f6r sina deltagare. PeopleSkills erbjuder \u00e4ven s\u00e5dan skr\u00e4ddarsydd coachning som komplement till ledarskapskurser.<\/p>\n<p>PeopleSkills f\u00f6retr\u00e4dare \u00e4r som sagt licensierade i Mikla Executive Coaching.<\/p>\n<p><a href=\"http:\/\/www.peopleskills.se\/wp-content\/uploads\/2012\/10\/PeopleSkills-Executive-Coaching-infoblad-2012.pdf\">Ladda ner informationsblad om v\u00e5ra olika uppl\u00e4gg f\u00f6r Executive Coaching h\u00e4r<\/a>. (H\u00f6gerklicka f\u00f6r att spara ner filen i pdf-format.)<\/p>","protected":false},"excerpt":{"rendered":"<p>1) PeopleSkills Executive Coaching PeopleSkills erbjuder executive coaching f\u00f6r enskilda chefer och andra ledare (projektledare och teamleader, tex) p\u00e5 alla niv\u00e5er. Chefsutvecklingen sker enligt ett grundprogram p\u00e5 6-8 m\u00e5nader som kan anpassas och byggas p\u00e5 efter dina behov. Handledning erbjuds \u00e4ven med enstaka tillf\u00e4llen i en friare form. Med hj\u00e4lp av Mebook\u2122 som \u00e4r en [&hellip;]<\/p>","protected":false},"author":1,"featured_media":0,"parent":631,"menu_order":0,"comment_status":"closed","ping_status":"closed","template":"","meta":{"footnotes":""},"class_list":["post-659","page","type-page","status-publish","hentry"],"_links":{"self":[{"href":"http:\/\/www.peopleskills.se\/en\/wp-json\/wp\/v2\/pages\/659","targetHints":{"allow":["GET"]}}],"collection":[{"href":"http:\/\/www.peopleskills.se\/en\/wp-json\/wp\/v2\/pages"}],"about":[{"href":"http:\/\/www.peopleskills.se\/en\/wp-json\/wp\/v2\/types\/page"}],"author":[{"embeddable":true,"href":"http:\/\/www.peopleskills.se\/en\/wp-json\/wp\/v2\/users\/1"}],"replies":[{"embeddable":true,"href":"http:\/\/www.peopleskills.se\/en\/wp-json\/wp\/v2\/comments?post=659"}],"version-history":[{"count":38,"href":"http:\/\/www.peopleskills.se\/en\/wp-json\/wp\/v2\/pages\/659\/revisions"}],"predecessor-version":[{"id":669,"href":"http:\/\/www.peopleskills.se\/en\/wp-json\/wp\/v2\/pages\/659\/revisions\/669"}],"up":[{"embeddable":true,"href":"http:\/\/www.peopleskills.se\/en\/wp-json\/wp\/v2\/pages\/631"}],"wp:attachment":[{"href":"http:\/\/www.peopleskills.se\/en\/wp-json\/wp\/v2\/media?parent=659"}],"curies":[{"name":"wp","href":"https:\/\/api.w.org\/{rel}","templated":true}]}}